{"id":7351,"date":"2019-12-14T17:35:43","date_gmt":"2019-12-14T17:35:43","guid":{"rendered":"https:\/\/batimentpassifquebec.com\/?post_type=product&#038;p=7351"},"modified":"2026-02-03T16:24:48","modified_gmt":"2026-02-03T21:24:48","slug":"forfait-regulier","status":"publish","type":"product","link":"https:\/\/batimentpassifquebec.com\/en\/produit\/forfait-regulier\/","title":{"rendered":"Membre individuel"},"content":{"rendered":"<p><span data-contrast=\"auto\">Membre individuel : l&#8217;adh\u00e9sion est au nom de l&#8217;individu (ou OSBL);\u00a0<\/span><span data-ccp-props=\"{&quot;134233279&quot;:true}\"><br \/>\n<\/span><span data-contrast=\"auto\">100$ + taxes<\/span><span data-ccp-props=\"{&quot;134233279&quot;:true}\">\u00a0<\/span><\/p>\n","protected":false},"excerpt":{"rendered":"<p>Membre individuel : l&#8217;adh\u00e9sion est au nom de l&#8217;individu (ou OSBL);\u00a0 100$ + taxes\u00a0<\/p>\n","protected":false},"featured_media":7991,"template":"","meta":[],"product_brand":[],"product_cat":[32],"product_tag":[],"class_list":{"0":"post-7351","1":"product","2":"type-product","3":"status-publish","4":"has-post-thumbnail","6":"product_cat-abonnements","8":"first","9":"instock","10":"virtual","11":"sold-individually","12":"taxable","13":"purchasable","14":"product-type-subscription"},"yoast_head":"<!-- This site is optimized with the Yoast SEO plugin v26.8 - https:\/\/yoast.com\/product\/yoast-seo-wordpress\/ -->\n<title>Membre individuel - B\u00e2timent Passif Qu\u00e9bec<\/title>\n<meta name=\"robots\" content=\"index, follow, max-snippet:-1, max-image-preview:large, max-video-preview:-1\" \/>\n<link rel=\"canonical\" href=\"https:\/\/batimentpassifquebec.com\/produit\/forfait-regulier\/\" \/>\n<meta property=\"og:locale\" content=\"en_US\" \/>\n<meta property=\"og:type\" content=\"article\" \/>\n<meta property=\"og:title\" content=\"Membre individuel - B\u00e2timent Passif Qu\u00e9bec\" \/>\n<meta property=\"og:description\" content=\"Membre individuel : l&#8217;adh\u00e9sion est au nom de l&#8217;individu (ou OSBL);\u00a0 100$ + taxes\u00a0\" \/>\n<meta property=\"og:url\" content=\"https:\/\/batimentpassifquebec.com\/produit\/forfait-regulier\/\" \/>\n<meta property=\"og:site_name\" content=\"B\u00e2timent Passif Qu\u00e9bec\" \/>\n<meta property=\"article:modified_time\" content=\"2026-02-03T21:24:48+00:00\" \/>\n<meta property=\"og:image\" content=\"https:\/\/batimentpassifquebec.com\/wp-content\/uploads\/2019\/12\/forfait-individuel-1150px.jpg\" \/>\n\t<meta property=\"og:image:width\" content=\"1150\" \/>\n\t<meta property=\"og:image:height\" content=\"1150\" \/>\n\t<meta property=\"og:image:type\" content=\"image\/jpeg\" \/>\n<meta name=\"twitter:card\" content=\"summary_large_image\" \/>\n<meta name=\"twitter:label1\" content=\"Est. reading time\" \/>\n\t<meta name=\"twitter:data1\" content=\"1 minute\" \/>\n<script type=\"application\/ld+json\" class=\"yoast-schema-graph\">{\"@context\":\"https:\/\/schema.org\",\"@graph\":[{\"@type\":\"WebPage\",\"@id\":\"https:\/\/batimentpassifquebec.com\/produit\/forfait-regulier\/\",\"url\":\"https:\/\/batimentpassifquebec.com\/produit\/forfait-regulier\/\",\"name\":\"Membre individuel - B\u00e2timent Passif Qu\u00e9bec\",\"isPartOf\":{\"@id\":\"https:\/\/batimentpassifquebec.com\/#website\"},\"primaryImageOfPage\":{\"@id\":\"https:\/\/batimentpassifquebec.com\/produit\/forfait-regulier\/#primaryimage\"},\"image\":{\"@id\":\"https:\/\/batimentpassifquebec.com\/produit\/forfait-regulier\/#primaryimage\"},\"thumbnailUrl\":\"https:\/\/batimentpassifquebec.com\/wp-content\/uploads\/2019\/12\/forfait-individuel-1150px.jpg\",\"datePublished\":\"2019-12-14T17:35:43+00:00\",\"dateModified\":\"2026-02-03T21:24:48+00:00\",\"breadcrumb\":{\"@id\":\"https:\/\/batimentpassifquebec.com\/produit\/forfait-regulier\/#breadcrumb\"},\"inLanguage\":\"en-US\",\"potentialAction\":[{\"@type\":\"ReadAction\",\"target\":[\"https:\/\/batimentpassifquebec.com\/produit\/forfait-regulier\/\"]}]},{\"@type\":\"ImageObject\",\"inLanguage\":\"en-US\",\"@id\":\"https:\/\/batimentpassifquebec.com\/produit\/forfait-regulier\/#primaryimage\",\"url\":\"https:\/\/batimentpassifquebec.com\/wp-content\/uploads\/2019\/12\/forfait-individuel-1150px.jpg\",\"contentUrl\":\"https:\/\/batimentpassifquebec.com\/wp-content\/uploads\/2019\/12\/forfait-individuel-1150px.jpg\",\"width\":1150,\"height\":1150},{\"@type\":\"BreadcrumbList\",\"@id\":\"https:\/\/batimentpassifquebec.com\/produit\/forfait-regulier\/#breadcrumb\",\"itemListElement\":[{\"@type\":\"ListItem\",\"position\":1,\"name\":\"Accueil\",\"item\":\"https:\/\/batimentpassifquebec.com\/\"},{\"@type\":\"ListItem\",\"position\":2,\"name\":\"Shop\",\"item\":\"https:\/\/batimentpassifquebec.com\/shop\/?lang=en\"},{\"@type\":\"ListItem\",\"position\":3,\"name\":\"Membre individuel\"}]},{\"@type\":\"WebSite\",\"@id\":\"https:\/\/batimentpassifquebec.com\/#website\",\"url\":\"https:\/\/batimentpassifquebec.com\/\",\"name\":\"B\u00e2timent Passif Qu\u00e9bec\",\"description\":\"\",\"potentialAction\":[{\"@type\":\"SearchAction\",\"target\":{\"@type\":\"EntryPoint\",\"urlTemplate\":\"https:\/\/batimentpassifquebec.com\/?s={search_term_string}\"},\"query-input\":{\"@type\":\"PropertyValueSpecification\",\"valueRequired\":true,\"valueName\":\"search_term_string\"}}],\"inLanguage\":\"en-US\"}]}<\/script>\n<!-- \/ Yoast SEO plugin. -->","yoast_head_json":{"title":"Membre individuel - B\u00e2timent Passif Qu\u00e9bec","robots":{"index":"index","follow":"follow","max-snippet":"max-snippet:-1","max-image-preview":"max-image-preview:large","max-video-preview":"max-video-preview:-1"},"canonical":"https:\/\/batimentpassifquebec.com\/produit\/forfait-regulier\/","og_locale":"en_US","og_type":"article","og_title":"Membre individuel - B\u00e2timent Passif Qu\u00e9bec","og_description":"Membre individuel : l&#8217;adh\u00e9sion est au nom de l&#8217;individu (ou OSBL);\u00a0 100$ + taxes\u00a0","og_url":"https:\/\/batimentpassifquebec.com\/produit\/forfait-regulier\/","og_site_name":"B\u00e2timent Passif Qu\u00e9bec","article_modified_time":"2026-02-03T21:24:48+00:00","og_image":[{"width":1150,"height":1150,"url":"https:\/\/batimentpassifquebec.com\/wp-content\/uploads\/2019\/12\/forfait-individuel-1150px.jpg","type":"image\/jpeg"}],"twitter_card":"summary_large_image","twitter_misc":{"Est. reading time":"1 minute"},"schema":{"@context":"https:\/\/schema.org","@graph":[{"@type":"WebPage","@id":"https:\/\/batimentpassifquebec.com\/produit\/forfait-regulier\/","url":"https:\/\/batimentpassifquebec.com\/produit\/forfait-regulier\/","name":"Membre individuel - B\u00e2timent Passif Qu\u00e9bec","isPartOf":{"@id":"https:\/\/batimentpassifquebec.com\/#website"},"primaryImageOfPage":{"@id":"https:\/\/batimentpassifquebec.com\/produit\/forfait-regulier\/#primaryimage"},"image":{"@id":"https:\/\/batimentpassifquebec.com\/produit\/forfait-regulier\/#primaryimage"},"thumbnailUrl":"https:\/\/batimentpassifquebec.com\/wp-content\/uploads\/2019\/12\/forfait-individuel-1150px.jpg","datePublished":"2019-12-14T17:35:43+00:00","dateModified":"2026-02-03T21:24:48+00:00","breadcrumb":{"@id":"https:\/\/batimentpassifquebec.com\/produit\/forfait-regulier\/#breadcrumb"},"inLanguage":"en-US","potentialAction":[{"@type":"ReadAction","target":["https:\/\/batimentpassifquebec.com\/produit\/forfait-regulier\/"]}]},{"@type":"ImageObject","inLanguage":"en-US","@id":"https:\/\/batimentpassifquebec.com\/produit\/forfait-regulier\/#primaryimage","url":"https:\/\/batimentpassifquebec.com\/wp-content\/uploads\/2019\/12\/forfait-individuel-1150px.jpg","contentUrl":"https:\/\/batimentpassifquebec.com\/wp-content\/uploads\/2019\/12\/forfait-individuel-1150px.jpg","width":1150,"height":1150},{"@type":"BreadcrumbList","@id":"https:\/\/batimentpassifquebec.com\/produit\/forfait-regulier\/#breadcrumb","itemListElement":[{"@type":"ListItem","position":1,"name":"Accueil","item":"https:\/\/batimentpassifquebec.com\/"},{"@type":"ListItem","position":2,"name":"Shop","item":"https:\/\/batimentpassifquebec.com\/shop\/?lang=en"},{"@type":"ListItem","position":3,"name":"Membre individuel"}]},{"@type":"WebSite","@id":"https:\/\/batimentpassifquebec.com\/#website","url":"https:\/\/batimentpassifquebec.com\/","name":"B\u00e2timent Passif Qu\u00e9bec","description":"","potentialAction":[{"@type":"SearchAction","target":{"@type":"EntryPoint","urlTemplate":"https:\/\/batimentpassifquebec.com\/?s={search_term_string}"},"query-input":{"@type":"PropertyValueSpecification","valueRequired":true,"valueName":"search_term_string"}}],"inLanguage":"en-US"}]}},"_links":{"self":[{"href":"https:\/\/batimentpassifquebec.com\/en\/wp-json\/wp\/v2\/product\/7351","targetHints":{"allow":["GET"]}}],"collection":[{"href":"https:\/\/batimentpassifquebec.com\/en\/wp-json\/wp\/v2\/product"}],"about":[{"href":"https:\/\/batimentpassifquebec.com\/en\/wp-json\/wp\/v2\/types\/product"}],"wp:featuredmedia":[{"embeddable":true,"href":"https:\/\/batimentpassifquebec.com\/en\/wp-json\/wp\/v2\/media\/7991"}],"wp:attachment":[{"href":"https:\/\/batimentpassifquebec.com\/en\/wp-json\/wp\/v2\/media?parent=7351"}],"wp:term":[{"taxonomy":"product_brand","embeddable":true,"href":"https:\/\/batimentpassifquebec.com\/en\/wp-json\/wp\/v2\/product_brand?post=7351"},{"taxonomy":"product_cat","embeddable":true,"href":"https:\/\/batimentpassifquebec.com\/en\/wp-json\/wp\/v2\/product_cat?post=7351"},{"taxonomy":"product_tag","embeddable":true,"href":"https:\/\/batimentpassifquebec.com\/en\/wp-json\/wp\/v2\/product_tag?post=7351"}],"curies":[{"name":"wp","href":"https:\/\/api.w.org\/{rel}","templated":true}]}}