{"id":11471,"date":"2026-04-07T00:36:52","date_gmt":"2026-04-07T04:36:52","guid":{"rendered":"https:\/\/batimentpassifquebec.com\/?post_type=product&#038;p=11471"},"modified":"2026-04-07T22:02:21","modified_gmt":"2026-04-08T02:02:21","slug":"visite-ecotri-desourdy-billet-membre","status":"publish","type":"product","link":"https:\/\/batimentpassifquebec.com\/en\/produit\/visite-ecotri-desourdy-billet-membre\/","title":{"rendered":"VISITE | \u00c9COTRI D\u00c9SOURDY &#8211; billet membre"},"content":{"rendered":"<div class=\"w-hwrapper valign_top wrap align_none\">\n<p>\ud83d\udcc5 Date : 8 mai 2026<br \/>\n\u231a Horaire : 13h00 &#8211; 16h30<br \/>\n\ud83d\udccd Lieu : 1479 Rte Pierre-Laporte, Bromont Quebec J2L 2W6<\/p>\n<p><strong>Nous avons le plaisir d\u2019annoncer qu\u2019une visite chez \u00c9cotri D\u00e9sourdy aura lieu le 8 mais 2026 \u00e0 Bromont.<\/strong><\/p>\n<p>Avec les nouvelles r\u00e9glementations \u00e0 venir qui exigeront le tri des d\u00e9chets de construction, cette visite est une occasion unique d&#8217;en apprendre plus sur les meilleurs pratiques. Lors de cette visite les participant.e.s auront l&#8217;occasion de :<br \/>\n<span style=\"color: #ffffff;\">\u2022<\/span> \u2022 Comprendre les d\u00e9fis et avantages du tri sur le chantier<br \/>\n<span style=\"color: #ffffff;\">\u2022<\/span> \u2022 D\u00e9couvrir les strat\u00e9gies \u00e0 mettre en place<br \/>\n<span style=\"color: #ffffff;\">\u2022<\/span> \u2022 Observer les m\u00e9thodes de travail privil\u00e9gi\u00e9es pour r\u00e9duire les mati\u00e8res r\u00e9siduelles.<\/p>\n<p>Horaire :<br \/>\n<span style=\"color: #ffffff;\">\u2022<\/span> 13h00 \u2013 Accueil<br \/>\n<span style=\"color: #ffffff;\">\u2022<\/span> 13h30 \u2013 D\u00e9but de la visite d&#8217;une dur\u00e9e\u00a0de 1h30 (visite, pr\u00e9sentation et questions-r\u00e9ponses)<br \/>\n<span style=\"color: #ffffff;\">\u2022<\/span> 15h00 \u2013 Pr\u00e9sentation, retour d&#8217;exp\u00e9rience, par St\u00e9phane Hamel, entrepreneur et membre du CA de BPQ<br \/>\n<span style=\"color: #ffffff;\">\u2022<\/span> 15h30 \u2013R\u00e9seautage \u2013 \u200b\u200bRafra\u00eechissements offerts<br \/>\n<span style=\"color: #ffffff;\">\u2022<\/span> 17h00 \u2013 Fin<\/p>\n<p><strong>Veuillez noter que toute personne souhaitant faire la visite devra \u00eatre \u00e9quip\u00e9e de bottes de travail (avec embout d&#8217;acier) et d&#8217;un dossard <\/strong>(quelques dossards suppl\u00e9mentaires seront disponibles sur place, mais il est pr\u00e9f\u00e9rable d\u2019apporter le v\u00f4tre).<\/p>\n<\/div>\n<p>&nbsp;<\/p>\n<p>Visite organis\u00e9e par<\/p>\n<p><img loading=\"lazy\" decoding=\"async\" class=\"alignnone size-medium wp-image-11491\" src=\"https:\/\/batimentpassifquebec.com\/wp-content\/uploads\/2026\/04\/BPQ_LOGO.jpg-300x225.jpg\" alt=\"\" width=\"300\" height=\"225\" srcset=\"https:\/\/batimentpassifquebec.com\/wp-content\/uploads\/2026\/04\/BPQ_LOGO.jpg-300x225.jpg 300w, https:\/\/batimentpassifquebec.com\/wp-content\/uploads\/2026\/04\/BPQ_LOGO.jpg-105x79.jpg 105w, https:\/\/batimentpassifquebec.com\/wp-content\/uploads\/2026\/04\/BPQ_LOGO.jpg.jpg 500w\" sizes=\"auto, (max-width: 300px) 100vw, 300px\" \/><\/p>\n","protected":false},"excerpt":{"rendered":"<p>\ud83d\udcc5 Date : 8 mai 2026 \u231a Horaire : 13h00 &#8211; 16h30 \ud83d\udccd Lieu : 1479 Rte Pierre-Laporte, Bromont Quebec J2L 2W6 Nous avons le plaisir d\u2019annoncer qu\u2019une visite chez \u00c9cotri D\u00e9sourdy aura lieu le 8 mais 2026 \u00e0 Bromont. Avec les nouvelles r\u00e9glementations \u00e0 venir qui exigeront le tri des d\u00e9chets de construction, cette&#8230;<\/p>\n","protected":false},"featured_media":11455,"template":"","meta":[],"product_brand":[],"product_cat":[33],"product_tag":[],"class_list":{"0":"post-11471","1":"product","2":"type-product","3":"status-publish","4":"has-post-thumbnail","6":"product_cat-activites","8":"first","9":"instock","10":"taxable","11":"shipping-taxable","12":"purchasable","13":"product-type-simple"},"yoast_head":"<!-- This site is optimized with the Yoast SEO plugin v26.8 - https:\/\/yoast.com\/product\/yoast-seo-wordpress\/ -->\n<title>VISITE | \u00c9COTRI D\u00c9SOURDY - billet membre - B\u00e2timent Passif Qu\u00e9bec<\/title>\n<meta name=\"description\" content=\"Participez le 18 septembre \u00e0 Sherbrooke \u00e0 la visite du chantier Le Monarque : 134 logements abordables visant la certification Passive House.\" \/>\n<meta name=\"robots\" content=\"index, follow, max-snippet:-1, max-image-preview:large, max-video-preview:-1\" \/>\n<link rel=\"canonical\" href=\"https:\/\/batimentpassifquebec.com\/produit\/visite-ecotri-desourdy-billet-membre\/\" \/>\n<meta property=\"og:locale\" content=\"en_US\" \/>\n<meta property=\"og:type\" content=\"article\" \/>\n<meta property=\"og:title\" content=\"VISITE | \u00c9COTRI D\u00c9SOURDY - billet membre - B\u00e2timent Passif Qu\u00e9bec\" \/>\n<meta property=\"og:description\" content=\"Participez le 18 septembre \u00e0 Sherbrooke \u00e0 la visite du chantier Le Monarque : 134 logements abordables visant la certification Passive House.\" \/>\n<meta property=\"og:url\" content=\"https:\/\/batimentpassifquebec.com\/produit\/visite-ecotri-desourdy-billet-membre\/\" \/>\n<meta property=\"og:site_name\" content=\"B\u00e2timent Passif Qu\u00e9bec\" \/>\n<meta property=\"article:modified_time\" content=\"2026-04-08T02:02:21+00:00\" \/>\n<meta property=\"og:image\" content=\"https:\/\/batimentpassifquebec.com\/wp-content\/uploads\/2026\/04\/VISITE-ECOTRI-DESOURDY.jpg\" \/>\n\t<meta property=\"og:image:width\" content=\"1000\" \/>\n\t<meta property=\"og:image:height\" content=\"1000\" \/>\n\t<meta property=\"og:image:type\" content=\"image\/jpeg\" \/>\n<meta name=\"twitter:card\" content=\"summary_large_image\" \/>\n<meta name=\"twitter:label1\" content=\"Est. reading time\" \/>\n\t<meta name=\"twitter:data1\" content=\"2 minutes\" \/>\n<script type=\"application\/ld+json\" class=\"yoast-schema-graph\">{\"@context\":\"https:\/\/schema.org\",\"@graph\":[{\"@type\":\"WebPage\",\"@id\":\"https:\/\/batimentpassifquebec.com\/produit\/visite-ecotri-desourdy-billet-membre\/\",\"url\":\"https:\/\/batimentpassifquebec.com\/produit\/visite-ecotri-desourdy-billet-membre\/\",\"name\":\"VISITE | \u00c9COTRI D\u00c9SOURDY - billet membre - B\u00e2timent Passif Qu\u00e9bec\",\"isPartOf\":{\"@id\":\"https:\/\/batimentpassifquebec.com\/#website\"},\"primaryImageOfPage\":{\"@id\":\"https:\/\/batimentpassifquebec.com\/produit\/visite-ecotri-desourdy-billet-membre\/#primaryimage\"},\"image\":{\"@id\":\"https:\/\/batimentpassifquebec.com\/produit\/visite-ecotri-desourdy-billet-membre\/#primaryimage\"},\"thumbnailUrl\":\"https:\/\/batimentpassifquebec.com\/wp-content\/uploads\/2026\/04\/VISITE-ECOTRI-DESOURDY.jpg\",\"datePublished\":\"2026-04-07T04:36:52+00:00\",\"dateModified\":\"2026-04-08T02:02:21+00:00\",\"description\":\"Participez le 18 septembre \u00e0 Sherbrooke \u00e0 la visite du chantier Le Monarque : 134 logements abordables visant la certification Passive House.\",\"breadcrumb\":{\"@id\":\"https:\/\/batimentpassifquebec.com\/produit\/visite-ecotri-desourdy-billet-membre\/#breadcrumb\"},\"inLanguage\":\"en-US\",\"potentialAction\":[{\"@type\":\"ReadAction\",\"target\":[\"https:\/\/batimentpassifquebec.com\/produit\/visite-ecotri-desourdy-billet-membre\/\"]}]},{\"@type\":\"ImageObject\",\"inLanguage\":\"en-US\",\"@id\":\"https:\/\/batimentpassifquebec.com\/produit\/visite-ecotri-desourdy-billet-membre\/#primaryimage\",\"url\":\"https:\/\/batimentpassifquebec.com\/wp-content\/uploads\/2026\/04\/VISITE-ECOTRI-DESOURDY.jpg\",\"contentUrl\":\"https:\/\/batimentpassifquebec.com\/wp-content\/uploads\/2026\/04\/VISITE-ECOTRI-DESOURDY.jpg\",\"width\":1000,\"height\":1000},{\"@type\":\"BreadcrumbList\",\"@id\":\"https:\/\/batimentpassifquebec.com\/produit\/visite-ecotri-desourdy-billet-membre\/#breadcrumb\",\"itemListElement\":[{\"@type\":\"ListItem\",\"position\":1,\"name\":\"Accueil\",\"item\":\"https:\/\/batimentpassifquebec.com\/\"},{\"@type\":\"ListItem\",\"position\":2,\"name\":\"Shop\",\"item\":\"https:\/\/batimentpassifquebec.com\/shop\/?lang=en\"},{\"@type\":\"ListItem\",\"position\":3,\"name\":\"VISITE | \u00c9COTRI D\u00c9SOURDY &#8211; billet membre\"}]},{\"@type\":\"WebSite\",\"@id\":\"https:\/\/batimentpassifquebec.com\/#website\",\"url\":\"https:\/\/batimentpassifquebec.com\/\",\"name\":\"B\u00e2timent Passif Qu\u00e9bec\",\"description\":\"\",\"potentialAction\":[{\"@type\":\"SearchAction\",\"target\":{\"@type\":\"EntryPoint\",\"urlTemplate\":\"https:\/\/batimentpassifquebec.com\/?s={search_term_string}\"},\"query-input\":{\"@type\":\"PropertyValueSpecification\",\"valueRequired\":true,\"valueName\":\"search_term_string\"}}],\"inLanguage\":\"en-US\"}]}<\/script>\n<!-- \/ Yoast SEO plugin. -->","yoast_head_json":{"title":"VISITE | \u00c9COTRI D\u00c9SOURDY - billet membre - B\u00e2timent Passif Qu\u00e9bec","description":"Participez le 18 septembre \u00e0 Sherbrooke \u00e0 la visite du chantier Le Monarque : 134 logements abordables visant la certification Passive House.","robots":{"index":"index","follow":"follow","max-snippet":"max-snippet:-1","max-image-preview":"max-image-preview:large","max-video-preview":"max-video-preview:-1"},"canonical":"https:\/\/batimentpassifquebec.com\/produit\/visite-ecotri-desourdy-billet-membre\/","og_locale":"en_US","og_type":"article","og_title":"VISITE | \u00c9COTRI D\u00c9SOURDY - billet membre - B\u00e2timent Passif Qu\u00e9bec","og_description":"Participez le 18 septembre \u00e0 Sherbrooke \u00e0 la visite du chantier Le Monarque : 134 logements abordables visant la certification Passive House.","og_url":"https:\/\/batimentpassifquebec.com\/produit\/visite-ecotri-desourdy-billet-membre\/","og_site_name":"B\u00e2timent Passif Qu\u00e9bec","article_modified_time":"2026-04-08T02:02:21+00:00","og_image":[{"width":1000,"height":1000,"url":"https:\/\/batimentpassifquebec.com\/wp-content\/uploads\/2026\/04\/VISITE-ECOTRI-DESOURDY.jpg","type":"image\/jpeg"}],"twitter_card":"summary_large_image","twitter_misc":{"Est. reading time":"2 minutes"},"schema":{"@context":"https:\/\/schema.org","@graph":[{"@type":"WebPage","@id":"https:\/\/batimentpassifquebec.com\/produit\/visite-ecotri-desourdy-billet-membre\/","url":"https:\/\/batimentpassifquebec.com\/produit\/visite-ecotri-desourdy-billet-membre\/","name":"VISITE | \u00c9COTRI D\u00c9SOURDY - billet membre - B\u00e2timent Passif Qu\u00e9bec","isPartOf":{"@id":"https:\/\/batimentpassifquebec.com\/#website"},"primaryImageOfPage":{"@id":"https:\/\/batimentpassifquebec.com\/produit\/visite-ecotri-desourdy-billet-membre\/#primaryimage"},"image":{"@id":"https:\/\/batimentpassifquebec.com\/produit\/visite-ecotri-desourdy-billet-membre\/#primaryimage"},"thumbnailUrl":"https:\/\/batimentpassifquebec.com\/wp-content\/uploads\/2026\/04\/VISITE-ECOTRI-DESOURDY.jpg","datePublished":"2026-04-07T04:36:52+00:00","dateModified":"2026-04-08T02:02:21+00:00","description":"Participez le 18 septembre \u00e0 Sherbrooke \u00e0 la visite du chantier Le Monarque : 134 logements abordables visant la certification Passive House.","breadcrumb":{"@id":"https:\/\/batimentpassifquebec.com\/produit\/visite-ecotri-desourdy-billet-membre\/#breadcrumb"},"inLanguage":"en-US","potentialAction":[{"@type":"ReadAction","target":["https:\/\/batimentpassifquebec.com\/produit\/visite-ecotri-desourdy-billet-membre\/"]}]},{"@type":"ImageObject","inLanguage":"en-US","@id":"https:\/\/batimentpassifquebec.com\/produit\/visite-ecotri-desourdy-billet-membre\/#primaryimage","url":"https:\/\/batimentpassifquebec.com\/wp-content\/uploads\/2026\/04\/VISITE-ECOTRI-DESOURDY.jpg","contentUrl":"https:\/\/batimentpassifquebec.com\/wp-content\/uploads\/2026\/04\/VISITE-ECOTRI-DESOURDY.jpg","width":1000,"height":1000},{"@type":"BreadcrumbList","@id":"https:\/\/batimentpassifquebec.com\/produit\/visite-ecotri-desourdy-billet-membre\/#breadcrumb","itemListElement":[{"@type":"ListItem","position":1,"name":"Accueil","item":"https:\/\/batimentpassifquebec.com\/"},{"@type":"ListItem","position":2,"name":"Shop","item":"https:\/\/batimentpassifquebec.com\/shop\/?lang=en"},{"@type":"ListItem","position":3,"name":"VISITE | \u00c9COTRI D\u00c9SOURDY &#8211; billet membre"}]},{"@type":"WebSite","@id":"https:\/\/batimentpassifquebec.com\/#website","url":"https:\/\/batimentpassifquebec.com\/","name":"B\u00e2timent Passif Qu\u00e9bec","description":"","potentialAction":[{"@type":"SearchAction","target":{"@type":"EntryPoint","urlTemplate":"https:\/\/batimentpassifquebec.com\/?s={search_term_string}"},"query-input":{"@type":"PropertyValueSpecification","valueRequired":true,"valueName":"search_term_string"}}],"inLanguage":"en-US"}]}},"_links":{"self":[{"href":"https:\/\/batimentpassifquebec.com\/en\/wp-json\/wp\/v2\/product\/11471","targetHints":{"allow":["GET"]}}],"collection":[{"href":"https:\/\/batimentpassifquebec.com\/en\/wp-json\/wp\/v2\/product"}],"about":[{"href":"https:\/\/batimentpassifquebec.com\/en\/wp-json\/wp\/v2\/types\/product"}],"wp:featuredmedia":[{"embeddable":true,"href":"https:\/\/batimentpassifquebec.com\/en\/wp-json\/wp\/v2\/media\/11455"}],"wp:attachment":[{"href":"https:\/\/batimentpassifquebec.com\/en\/wp-json\/wp\/v2\/media?parent=11471"}],"wp:term":[{"taxonomy":"product_brand","embeddable":true,"href":"https:\/\/batimentpassifquebec.com\/en\/wp-json\/wp\/v2\/product_brand?post=11471"},{"taxonomy":"product_cat","embeddable":true,"href":"https:\/\/batimentpassifquebec.com\/en\/wp-json\/wp\/v2\/product_cat?post=11471"},{"taxonomy":"product_tag","embeddable":true,"href":"https:\/\/batimentpassifquebec.com\/en\/wp-json\/wp\/v2\/product_tag?post=11471"}],"curies":[{"name":"wp","href":"https:\/\/api.w.org\/{rel}","templated":true}]}}