{"id":10489,"date":"2025-06-02T08:19:01","date_gmt":"2025-06-02T12:19:01","guid":{"rendered":"https:\/\/batimentpassifquebec.com\/?post_type=product&#038;p=10489"},"modified":"2026-02-03T16:26:32","modified_gmt":"2026-02-03T21:26:32","slug":"membre-etudiant","status":"publish","type":"product","link":"https:\/\/batimentpassifquebec.com\/en\/produit\/membre-etudiant\/","title":{"rendered":"Membre \u00c9tudiant"},"content":{"rendered":"<p><span data-contrast=\"auto\">Membre \u00e9tudiant : l&#8217;adh\u00e9sion est au nom de l&#8217;individu;\u00a0<\/span><span data-ccp-props=\"{&quot;134233279&quot;:true}\"><br \/>\n<\/span><span data-contrast=\"auto\">15$ + taxes<\/span><span data-ccp-props=\"{&quot;134233279&quot;:true}\">\u00a0<\/span><\/p>\n","protected":false},"excerpt":{"rendered":"<p>Membre \u00e9tudiant : l&#8217;adh\u00e9sion est au nom de l&#8217;individu;\u00a0 15$ + taxes\u00a0<\/p>\n","protected":false},"featured_media":10494,"template":"","meta":[],"product_brand":[],"product_cat":[32],"product_tag":[],"class_list":{"0":"post-10489","1":"product","2":"type-product","3":"status-publish","4":"has-post-thumbnail","6":"product_cat-abonnements","8":"first","9":"instock","10":"virtual","11":"sold-individually","12":"taxable","13":"purchasable","14":"product-type-subscription"},"yoast_head":"<!-- This site is optimized with the Yoast SEO plugin v26.8 - https:\/\/yoast.com\/product\/yoast-seo-wordpress\/ -->\n<title>Membre \u00c9tudiant - B\u00e2timent Passif Qu\u00e9bec<\/title>\n<meta name=\"robots\" content=\"index, follow, max-snippet:-1, max-image-preview:large, max-video-preview:-1\" \/>\n<link rel=\"canonical\" href=\"https:\/\/batimentpassifquebec.com\/produit\/membre-etudiant\/\" \/>\n<meta property=\"og:locale\" content=\"en_US\" \/>\n<meta property=\"og:type\" content=\"article\" \/>\n<meta property=\"og:title\" content=\"Membre \u00c9tudiant - B\u00e2timent Passif Qu\u00e9bec\" \/>\n<meta property=\"og:description\" content=\"Membre \u00e9tudiant : l&#8217;adh\u00e9sion est au nom de l&#8217;individu;\u00a0 15$ + taxes\u00a0\" \/>\n<meta property=\"og:url\" content=\"https:\/\/batimentpassifquebec.com\/produit\/membre-etudiant\/\" \/>\n<meta property=\"og:site_name\" content=\"B\u00e2timent Passif Qu\u00e9bec\" \/>\n<meta property=\"article:modified_time\" content=\"2026-02-03T21:26:32+00:00\" \/>\n<meta property=\"og:image\" content=\"https:\/\/batimentpassifquebec.com\/wp-content\/uploads\/2025\/06\/Membre-etudiant-3-1.jpg\" \/>\n\t<meta property=\"og:image:width\" content=\"1000\" \/>\n\t<meta property=\"og:image:height\" content=\"1000\" \/>\n\t<meta property=\"og:image:type\" content=\"image\/jpeg\" \/>\n<meta name=\"twitter:card\" content=\"summary_large_image\" \/>\n<meta name=\"twitter:label1\" content=\"Est. reading time\" \/>\n\t<meta name=\"twitter:data1\" content=\"1 minute\" \/>\n<script type=\"application\/ld+json\" class=\"yoast-schema-graph\">{\"@context\":\"https:\/\/schema.org\",\"@graph\":[{\"@type\":\"WebPage\",\"@id\":\"https:\/\/batimentpassifquebec.com\/produit\/membre-etudiant\/\",\"url\":\"https:\/\/batimentpassifquebec.com\/produit\/membre-etudiant\/\",\"name\":\"Membre \u00c9tudiant - B\u00e2timent Passif Qu\u00e9bec\",\"isPartOf\":{\"@id\":\"https:\/\/batimentpassifquebec.com\/#website\"},\"primaryImageOfPage\":{\"@id\":\"https:\/\/batimentpassifquebec.com\/produit\/membre-etudiant\/#primaryimage\"},\"image\":{\"@id\":\"https:\/\/batimentpassifquebec.com\/produit\/membre-etudiant\/#primaryimage\"},\"thumbnailUrl\":\"https:\/\/batimentpassifquebec.com\/wp-content\/uploads\/2025\/06\/Membre-etudiant-3-1.jpg\",\"datePublished\":\"2025-06-02T12:19:01+00:00\",\"dateModified\":\"2026-02-03T21:26:32+00:00\",\"breadcrumb\":{\"@id\":\"https:\/\/batimentpassifquebec.com\/produit\/membre-etudiant\/#breadcrumb\"},\"inLanguage\":\"en-US\",\"potentialAction\":[{\"@type\":\"ReadAction\",\"target\":[\"https:\/\/batimentpassifquebec.com\/produit\/membre-etudiant\/\"]}]},{\"@type\":\"ImageObject\",\"inLanguage\":\"en-US\",\"@id\":\"https:\/\/batimentpassifquebec.com\/produit\/membre-etudiant\/#primaryimage\",\"url\":\"https:\/\/batimentpassifquebec.com\/wp-content\/uploads\/2025\/06\/Membre-etudiant-3-1.jpg\",\"contentUrl\":\"https:\/\/batimentpassifquebec.com\/wp-content\/uploads\/2025\/06\/Membre-etudiant-3-1.jpg\",\"width\":1000,\"height\":1000},{\"@type\":\"BreadcrumbList\",\"@id\":\"https:\/\/batimentpassifquebec.com\/produit\/membre-etudiant\/#breadcrumb\",\"itemListElement\":[{\"@type\":\"ListItem\",\"position\":1,\"name\":\"Accueil\",\"item\":\"https:\/\/batimentpassifquebec.com\/\"},{\"@type\":\"ListItem\",\"position\":2,\"name\":\"Shop\",\"item\":\"https:\/\/batimentpassifquebec.com\/shop\/?lang=en\"},{\"@type\":\"ListItem\",\"position\":3,\"name\":\"Membre \u00c9tudiant\"}]},{\"@type\":\"WebSite\",\"@id\":\"https:\/\/batimentpassifquebec.com\/#website\",\"url\":\"https:\/\/batimentpassifquebec.com\/\",\"name\":\"B\u00e2timent Passif Qu\u00e9bec\",\"description\":\"\",\"potentialAction\":[{\"@type\":\"SearchAction\",\"target\":{\"@type\":\"EntryPoint\",\"urlTemplate\":\"https:\/\/batimentpassifquebec.com\/?s={search_term_string}\"},\"query-input\":{\"@type\":\"PropertyValueSpecification\",\"valueRequired\":true,\"valueName\":\"search_term_string\"}}],\"inLanguage\":\"en-US\"}]}<\/script>\n<!-- \/ Yoast SEO plugin. -->","yoast_head_json":{"title":"Membre \u00c9tudiant - B\u00e2timent Passif Qu\u00e9bec","robots":{"index":"index","follow":"follow","max-snippet":"max-snippet:-1","max-image-preview":"max-image-preview:large","max-video-preview":"max-video-preview:-1"},"canonical":"https:\/\/batimentpassifquebec.com\/produit\/membre-etudiant\/","og_locale":"en_US","og_type":"article","og_title":"Membre \u00c9tudiant - B\u00e2timent Passif Qu\u00e9bec","og_description":"Membre \u00e9tudiant : l&#8217;adh\u00e9sion est au nom de l&#8217;individu;\u00a0 15$ + taxes\u00a0","og_url":"https:\/\/batimentpassifquebec.com\/produit\/membre-etudiant\/","og_site_name":"B\u00e2timent Passif Qu\u00e9bec","article_modified_time":"2026-02-03T21:26:32+00:00","og_image":[{"width":1000,"height":1000,"url":"https:\/\/batimentpassifquebec.com\/wp-content\/uploads\/2025\/06\/Membre-etudiant-3-1.jpg","type":"image\/jpeg"}],"twitter_card":"summary_large_image","twitter_misc":{"Est. reading time":"1 minute"},"schema":{"@context":"https:\/\/schema.org","@graph":[{"@type":"WebPage","@id":"https:\/\/batimentpassifquebec.com\/produit\/membre-etudiant\/","url":"https:\/\/batimentpassifquebec.com\/produit\/membre-etudiant\/","name":"Membre \u00c9tudiant - B\u00e2timent Passif Qu\u00e9bec","isPartOf":{"@id":"https:\/\/batimentpassifquebec.com\/#website"},"primaryImageOfPage":{"@id":"https:\/\/batimentpassifquebec.com\/produit\/membre-etudiant\/#primaryimage"},"image":{"@id":"https:\/\/batimentpassifquebec.com\/produit\/membre-etudiant\/#primaryimage"},"thumbnailUrl":"https:\/\/batimentpassifquebec.com\/wp-content\/uploads\/2025\/06\/Membre-etudiant-3-1.jpg","datePublished":"2025-06-02T12:19:01+00:00","dateModified":"2026-02-03T21:26:32+00:00","breadcrumb":{"@id":"https:\/\/batimentpassifquebec.com\/produit\/membre-etudiant\/#breadcrumb"},"inLanguage":"en-US","potentialAction":[{"@type":"ReadAction","target":["https:\/\/batimentpassifquebec.com\/produit\/membre-etudiant\/"]}]},{"@type":"ImageObject","inLanguage":"en-US","@id":"https:\/\/batimentpassifquebec.com\/produit\/membre-etudiant\/#primaryimage","url":"https:\/\/batimentpassifquebec.com\/wp-content\/uploads\/2025\/06\/Membre-etudiant-3-1.jpg","contentUrl":"https:\/\/batimentpassifquebec.com\/wp-content\/uploads\/2025\/06\/Membre-etudiant-3-1.jpg","width":1000,"height":1000},{"@type":"BreadcrumbList","@id":"https:\/\/batimentpassifquebec.com\/produit\/membre-etudiant\/#breadcrumb","itemListElement":[{"@type":"ListItem","position":1,"name":"Accueil","item":"https:\/\/batimentpassifquebec.com\/"},{"@type":"ListItem","position":2,"name":"Shop","item":"https:\/\/batimentpassifquebec.com\/shop\/?lang=en"},{"@type":"ListItem","position":3,"name":"Membre \u00c9tudiant"}]},{"@type":"WebSite","@id":"https:\/\/batimentpassifquebec.com\/#website","url":"https:\/\/batimentpassifquebec.com\/","name":"B\u00e2timent Passif Qu\u00e9bec","description":"","potentialAction":[{"@type":"SearchAction","target":{"@type":"EntryPoint","urlTemplate":"https:\/\/batimentpassifquebec.com\/?s={search_term_string}"},"query-input":{"@type":"PropertyValueSpecification","valueRequired":true,"valueName":"search_term_string"}}],"inLanguage":"en-US"}]}},"_links":{"self":[{"href":"https:\/\/batimentpassifquebec.com\/en\/wp-json\/wp\/v2\/product\/10489","targetHints":{"allow":["GET"]}}],"collection":[{"href":"https:\/\/batimentpassifquebec.com\/en\/wp-json\/wp\/v2\/product"}],"about":[{"href":"https:\/\/batimentpassifquebec.com\/en\/wp-json\/wp\/v2\/types\/product"}],"wp:featuredmedia":[{"embeddable":true,"href":"https:\/\/batimentpassifquebec.com\/en\/wp-json\/wp\/v2\/media\/10494"}],"wp:attachment":[{"href":"https:\/\/batimentpassifquebec.com\/en\/wp-json\/wp\/v2\/media?parent=10489"}],"wp:term":[{"taxonomy":"product_brand","embeddable":true,"href":"https:\/\/batimentpassifquebec.com\/en\/wp-json\/wp\/v2\/product_brand?post=10489"},{"taxonomy":"product_cat","embeddable":true,"href":"https:\/\/batimentpassifquebec.com\/en\/wp-json\/wp\/v2\/product_cat?post=10489"},{"taxonomy":"product_tag","embeddable":true,"href":"https:\/\/batimentpassifquebec.com\/en\/wp-json\/wp\/v2\/product_tag?post=10489"}],"curies":[{"name":"wp","href":"https:\/\/api.w.org\/{rel}","templated":true}]}}